{"id":44,"date":"2025-06-05T21:54:25","date_gmt":"2025-06-05T19:54:25","guid":{"rendered":"http:\/\/mgecfqu.cluster021.hosting.ovh.net\/?page_id=44"},"modified":"2025-06-06T09:34:59","modified_gmt":"2025-06-06T07:34:59","slug":"gite-cap-beauval","status":"publish","type":"page","link":"https:\/\/www.capbeauval.com\/","title":{"rendered":"G\u00eete Cap Beauval"},"content":{"rendered":"\n<figure class=\"wp-block-gallery has-nested-images columns-default is-cropped wp-block-gallery-1 is-layout-flex wp-block-gallery-is-layout-flex\">\n<figure class=\"wp-block-image size-large\"><img loading=\"lazy\" decoding=\"async\" width=\"640\" height=\"360\" data-id=\"16\" src=\"http:\/\/mgecfqu.cluster021.hosting.ovh.net\/wp-content\/uploads\/2025\/06\/maison-1-1.jpg\" alt=\"\" class=\"wp-image-16\" srcset=\"https:\/\/www.capbeauval.com\/wp-content\/uploads\/2025\/06\/maison-1-1.jpg 640w, https:\/\/www.capbeauval.com\/wp-content\/uploads\/2025\/06\/maison-1-1-300x169.jpg 300w\" sizes=\"auto, (max-width: 640px) 100vw, 640px\" \/><\/figure>\n<\/figure>\n\n\n\n<p>Cette adorable maison en bois nich\u00e9e dans un \u00e9crin de verdure \u00e0 10 mn du c\u00e9l\u00e8bre Zoo parc de Beauval peut accueillir 4 personnes .<br>45mn de Chambord, 30mn de Chenonceau, 20mn de Cheverny, cet endroit idyllique et calme fera de votre s\u00e9jour un bien \u00eatre total.<\/p>\n\n\n\n<figure class=\"wp-block-gallery has-nested-images columns-default is-cropped wp-block-gallery-2 is-layout-flex wp-block-gallery-is-layout-flex\">\n<figure class=\"wp-block-image size-large\"><img loading=\"lazy\" decoding=\"async\" width=\"640\" height=\"360\" data-id=\"17\" src=\"http:\/\/mgecfqu.cluster021.hosting.ovh.net\/wp-content\/uploads\/2025\/06\/maison-2.jpg\" alt=\"\" class=\"wp-image-17\" srcset=\"https:\/\/www.capbeauval.com\/wp-content\/uploads\/2025\/06\/maison-2.jpg 640w, https:\/\/www.capbeauval.com\/wp-content\/uploads\/2025\/06\/maison-2-300x169.jpg 300w\" sizes=\"auto, (max-width: 640px) 100vw, 640px\" \/><figcaption class=\"wp-element-caption\">Terrasse<\/figcaption><\/figure>\n\n\n\n<figure class=\"wp-block-image size-large\"><img loading=\"lazy\" decoding=\"async\" width=\"1024\" height=\"768\" data-id=\"19\" src=\"http:\/\/mgecfqu.cluster021.hosting.ovh.net\/wp-content\/uploads\/2025\/06\/maison-nuit-3-1024x768.jpg\" alt=\"\" class=\"wp-image-19\" srcset=\"https:\/\/www.capbeauval.com\/wp-content\/uploads\/2025\/06\/maison-nuit-3-1024x768.jpg 1024w, https:\/\/www.capbeauval.com\/wp-content\/uploads\/2025\/06\/maison-nuit-3-300x225.jpg 300w, https:\/\/www.capbeauval.com\/wp-content\/uploads\/2025\/06\/maison-nuit-3-768x576.jpg 768w, https:\/\/www.capbeauval.com\/wp-content\/uploads\/2025\/06\/maison-nuit-3-1536x1152.jpg 1536w, https:\/\/www.capbeauval.com\/wp-content\/uploads\/2025\/06\/maison-nuit-3.jpg 1920w\" sizes=\"auto, (max-width: 1024px) 100vw, 1024px\" \/><figcaption class=\"wp-element-caption\">Terrasse<\/figcaption><\/figure>\n\n\n\n<figure class=\"wp-block-image size-large\"><img loading=\"lazy\" decoding=\"async\" width=\"1024\" height=\"768\" data-id=\"18\" src=\"http:\/\/mgecfqu.cluster021.hosting.ovh.net\/wp-content\/uploads\/2025\/06\/maison-nuit-1-1024x768.jpg\" alt=\"\" class=\"wp-image-18\" srcset=\"https:\/\/www.capbeauval.com\/wp-content\/uploads\/2025\/06\/maison-nuit-1-1024x768.jpg 1024w, https:\/\/www.capbeauval.com\/wp-content\/uploads\/2025\/06\/maison-nuit-1-300x225.jpg 300w, https:\/\/www.capbeauval.com\/wp-content\/uploads\/2025\/06\/maison-nuit-1-768x576.jpg 768w, https:\/\/www.capbeauval.com\/wp-content\/uploads\/2025\/06\/maison-nuit-1-1536x1152.jpg 1536w, https:\/\/www.capbeauval.com\/wp-content\/uploads\/2025\/06\/maison-nuit-1.jpg 1920w\" sizes=\"auto, (max-width: 1024px) 100vw, 1024px\" \/><figcaption class=\"wp-element-caption\">Terrasse<\/figcaption><\/figure>\n<\/figure>\n\n\n\n<p>Terrasse avec barbecue .<\/p>\n\n\n\n<div class=\"wp-block-columns is-layout-flex wp-container-core-columns-is-layout-28f84493 wp-block-columns-is-layout-flex\">\n<div class=\"wp-block-column is-layout-flow wp-block-column-is-layout-flow\" style=\"flex-basis:100%\">\n<figure class=\"wp-block-gallery has-nested-images columns-default is-cropped wp-block-gallery-3 is-layout-flex wp-block-gallery-is-layout-flex\">\n<figure class=\"wp-block-image size-large\"><img loading=\"lazy\" decoding=\"async\" width=\"1024\" height=\"768\" data-id=\"9\" src=\"http:\/\/mgecfqu.cluster021.hosting.ovh.net\/wp-content\/uploads\/2025\/06\/ch-1-lit-1024x768.jpg\" alt=\"\" class=\"wp-image-9\" srcset=\"https:\/\/www.capbeauval.com\/wp-content\/uploads\/2025\/06\/ch-1-lit-1024x768.jpg 1024w, https:\/\/www.capbeauval.com\/wp-content\/uploads\/2025\/06\/ch-1-lit-300x225.jpg 300w, https:\/\/www.capbeauval.com\/wp-content\/uploads\/2025\/06\/ch-1-lit-768x576.jpg 768w, https:\/\/www.capbeauval.com\/wp-content\/uploads\/2025\/06\/ch-1-lit-1536x1152.jpg 1536w, https:\/\/www.capbeauval.com\/wp-content\/uploads\/2025\/06\/ch-1-lit.jpg 1920w\" sizes=\"auto, (max-width: 1024px) 100vw, 1024px\" \/><figcaption class=\"wp-element-caption\">Chambre 1<\/figcaption><\/figure>\n\n\n\n<figure class=\"wp-block-image size-large\"><img loading=\"lazy\" decoding=\"async\" width=\"768\" height=\"1024\" data-id=\"10\" src=\"http:\/\/mgecfqu.cluster021.hosting.ovh.net\/wp-content\/uploads\/2025\/06\/ch-1-porte-768x1024.jpg\" alt=\"\" class=\"wp-image-10\" srcset=\"https:\/\/www.capbeauval.com\/wp-content\/uploads\/2025\/06\/ch-1-porte-768x1024.jpg 768w, https:\/\/www.capbeauval.com\/wp-content\/uploads\/2025\/06\/ch-1-porte-225x300.jpg 225w, https:\/\/www.capbeauval.com\/wp-content\/uploads\/2025\/06\/ch-1-porte-1152x1536.jpg 1152w, https:\/\/www.capbeauval.com\/wp-content\/uploads\/2025\/06\/ch-1-porte.jpg 1440w\" sizes=\"auto, (max-width: 768px) 100vw, 768px\" \/><figcaption class=\"wp-element-caption\">Chambre 1<\/figcaption><\/figure>\n<\/figure>\n<\/div>\n<\/div>\n\n\n\n<figure class=\"wp-block-gallery has-nested-images columns-default is-cropped wp-block-gallery-4 is-layout-flex wp-block-gallery-is-layout-flex\">\n<figure class=\"wp-block-image size-large\"><img loading=\"lazy\" decoding=\"async\" width=\"768\" height=\"1024\" data-id=\"13\" src=\"http:\/\/mgecfqu.cluster021.hosting.ovh.net\/wp-content\/uploads\/2025\/06\/ch-2-lit-768x1024.jpg\" alt=\"\" class=\"wp-image-13\" srcset=\"https:\/\/www.capbeauval.com\/wp-content\/uploads\/2025\/06\/ch-2-lit-768x1024.jpg 768w, https:\/\/www.capbeauval.com\/wp-content\/uploads\/2025\/06\/ch-2-lit-225x300.jpg 225w, https:\/\/www.capbeauval.com\/wp-content\/uploads\/2025\/06\/ch-2-lit-1152x1536.jpg 1152w, https:\/\/www.capbeauval.com\/wp-content\/uploads\/2025\/06\/ch-2-lit.jpg 1440w\" sizes=\"auto, (max-width: 768px) 100vw, 768px\" \/><figcaption class=\"wp-element-caption\">Chambre 2<\/figcaption><\/figure>\n\n\n\n<figure class=\"wp-block-image size-large\"><img loading=\"lazy\" decoding=\"async\" width=\"1024\" height=\"768\" data-id=\"11\" src=\"http:\/\/mgecfqu.cluster021.hosting.ovh.net\/wp-content\/uploads\/2025\/06\/ch-2-fauteuil-1024x768.jpg\" alt=\"\" class=\"wp-image-11\" srcset=\"https:\/\/www.capbeauval.com\/wp-content\/uploads\/2025\/06\/ch-2-fauteuil-1024x768.jpg 1024w, https:\/\/www.capbeauval.com\/wp-content\/uploads\/2025\/06\/ch-2-fauteuil-300x225.jpg 300w, https:\/\/www.capbeauval.com\/wp-content\/uploads\/2025\/06\/ch-2-fauteuil-768x576.jpg 768w, https:\/\/www.capbeauval.com\/wp-content\/uploads\/2025\/06\/ch-2-fauteuil-1536x1152.jpg 1536w, https:\/\/www.capbeauval.com\/wp-content\/uploads\/2025\/06\/ch-2-fauteuil.jpg 1920w\" sizes=\"auto, (max-width: 1024px) 100vw, 1024px\" \/><figcaption class=\"wp-element-caption\">Chambre 2<\/figcaption><\/figure>\n<\/figure>\n\n\n\n<figure class=\"wp-block-gallery has-nested-images columns-default is-cropped wp-block-gallery-5 is-layout-flex wp-block-gallery-is-layout-flex\">\n<figure class=\"wp-block-image size-large\"><img loading=\"lazy\" decoding=\"async\" width=\"1024\" height=\"768\" data-id=\"24\" src=\"http:\/\/mgecfqu.cluster021.hosting.ovh.net\/wp-content\/uploads\/2025\/06\/salle-a-manger-1024x768.jpg\" alt=\"\" class=\"wp-image-24\" srcset=\"https:\/\/www.capbeauval.com\/wp-content\/uploads\/2025\/06\/salle-a-manger-1024x768.jpg 1024w, https:\/\/www.capbeauval.com\/wp-content\/uploads\/2025\/06\/salle-a-manger-300x225.jpg 300w, https:\/\/www.capbeauval.com\/wp-content\/uploads\/2025\/06\/salle-a-manger-768x576.jpg 768w, https:\/\/www.capbeauval.com\/wp-content\/uploads\/2025\/06\/salle-a-manger-1536x1152.jpg 1536w, https:\/\/www.capbeauval.com\/wp-content\/uploads\/2025\/06\/salle-a-manger.jpg 1920w\" sizes=\"auto, (max-width: 1024px) 100vw, 1024px\" \/><figcaption class=\"wp-element-caption\">S\u00e9jour 1<\/figcaption><\/figure>\n\n\n\n<figure class=\"wp-block-image size-large\"><img loading=\"lazy\" decoding=\"async\" width=\"768\" height=\"1024\" data-id=\"25\" src=\"http:\/\/mgecfqu.cluster021.hosting.ovh.net\/wp-content\/uploads\/2025\/06\/salon-1-768x1024.jpg\" alt=\"\" class=\"wp-image-25\" srcset=\"https:\/\/www.capbeauval.com\/wp-content\/uploads\/2025\/06\/salon-1-768x1024.jpg 768w, https:\/\/www.capbeauval.com\/wp-content\/uploads\/2025\/06\/salon-1-225x300.jpg 225w, https:\/\/www.capbeauval.com\/wp-content\/uploads\/2025\/06\/salon-1-1152x1536.jpg 1152w, https:\/\/www.capbeauval.com\/wp-content\/uploads\/2025\/06\/salon-1.jpg 1440w\" sizes=\"auto, (max-width: 768px) 100vw, 768px\" \/><figcaption class=\"wp-element-caption\">S\u00e9jour 2<\/figcaption><\/figure>\n<\/figure>\n\n\n\n<figure class=\"wp-block-gallery has-nested-images columns-default is-cropped wp-block-gallery-6 is-layout-flex wp-block-gallery-is-layout-flex\">\n<figure class=\"wp-block-image size-large\"><img loading=\"lazy\" decoding=\"async\" width=\"1024\" height=\"768\" data-id=\"12\" src=\"http:\/\/mgecfqu.cluster021.hosting.ovh.net\/wp-content\/uploads\/2025\/06\/cuisine-1-1024x768.jpg\" alt=\"\" class=\"wp-image-12\" srcset=\"https:\/\/www.capbeauval.com\/wp-content\/uploads\/2025\/06\/cuisine-1-1024x768.jpg 1024w, https:\/\/www.capbeauval.com\/wp-content\/uploads\/2025\/06\/cuisine-1-300x225.jpg 300w, https:\/\/www.capbeauval.com\/wp-content\/uploads\/2025\/06\/cuisine-1-768x576.jpg 768w, https:\/\/www.capbeauval.com\/wp-content\/uploads\/2025\/06\/cuisine-1-1536x1152.jpg 1536w, https:\/\/www.capbeauval.com\/wp-content\/uploads\/2025\/06\/cuisine-1.jpg 1920w\" sizes=\"auto, (max-width: 1024px) 100vw, 1024px\" \/><figcaption class=\"wp-element-caption\">Cuisine 1<\/figcaption><\/figure>\n\n\n\n<figure class=\"wp-block-image size-large\"><img loading=\"lazy\" decoding=\"async\" width=\"1024\" height=\"768\" data-id=\"14\" src=\"http:\/\/mgecfqu.cluster021.hosting.ovh.net\/wp-content\/uploads\/2025\/06\/cuisine-1024x768.jpg\" alt=\"\" class=\"wp-image-14\" srcset=\"https:\/\/www.capbeauval.com\/wp-content\/uploads\/2025\/06\/cuisine-1024x768.jpg 1024w, https:\/\/www.capbeauval.com\/wp-content\/uploads\/2025\/06\/cuisine-300x225.jpg 300w, https:\/\/www.capbeauval.com\/wp-content\/uploads\/2025\/06\/cuisine-768x576.jpg 768w, https:\/\/www.capbeauval.com\/wp-content\/uploads\/2025\/06\/cuisine-1536x1152.jpg 1536w, https:\/\/www.capbeauval.com\/wp-content\/uploads\/2025\/06\/cuisine.jpg 1920w\" sizes=\"auto, (max-width: 1024px) 100vw, 1024px\" \/><figcaption class=\"wp-element-caption\">Cuisine 2 <\/figcaption><\/figure>\n<\/figure>\n\n\n\n<p>La cuisine est \u00e9quip\u00e9e d&rsquo;une plaque de cuisson \u00e0 induction, d&rsquo;un lave vaisselle, d&rsquo;un r\u00e9frig\u00e9rateur\/cong\u00e9lateur, d&rsquo;un four micro-onde combi, d&rsquo;une bouilloire et d&rsquo;un toaster.<\/p>\n\n\n\n<figure class=\"wp-block-gallery has-nested-images columns-default is-cropped wp-block-gallery-7 is-layout-flex wp-block-gallery-is-layout-flex\">\n<figure class=\"wp-block-image size-large\"><img loading=\"lazy\" decoding=\"async\" width=\"1024\" height=\"768\" data-id=\"28\" src=\"http:\/\/mgecfqu.cluster021.hosting.ovh.net\/wp-content\/uploads\/2025\/06\/sdb-1024x768.jpg\" alt=\"\" class=\"wp-image-28\" srcset=\"https:\/\/www.capbeauval.com\/wp-content\/uploads\/2025\/06\/sdb-1024x768.jpg 1024w, https:\/\/www.capbeauval.com\/wp-content\/uploads\/2025\/06\/sdb-300x225.jpg 300w, https:\/\/www.capbeauval.com\/wp-content\/uploads\/2025\/06\/sdb-768x576.jpg 768w, https:\/\/www.capbeauval.com\/wp-content\/uploads\/2025\/06\/sdb-1536x1152.jpg 1536w, https:\/\/www.capbeauval.com\/wp-content\/uploads\/2025\/06\/sdb.jpg 1920w\" sizes=\"auto, (max-width: 1024px) 100vw, 1024px\" \/><figcaption class=\"wp-element-caption\">Salle d&rsquo;eau <\/figcaption><\/figure>\n\n\n\n<figure class=\"wp-block-image size-large\"><img loading=\"lazy\" decoding=\"async\" width=\"1024\" height=\"768\" data-id=\"26\" src=\"http:\/\/mgecfqu.cluster021.hosting.ovh.net\/wp-content\/uploads\/2025\/06\/sdb1-1024x768.jpg\" alt=\"\" class=\"wp-image-26\" srcset=\"https:\/\/www.capbeauval.com\/wp-content\/uploads\/2025\/06\/sdb1-1024x768.jpg 1024w, https:\/\/www.capbeauval.com\/wp-content\/uploads\/2025\/06\/sdb1-300x225.jpg 300w, https:\/\/www.capbeauval.com\/wp-content\/uploads\/2025\/06\/sdb1-768x576.jpg 768w, https:\/\/www.capbeauval.com\/wp-content\/uploads\/2025\/06\/sdb1-1536x1152.jpg 1536w, https:\/\/www.capbeauval.com\/wp-content\/uploads\/2025\/06\/sdb1.jpg 1920w\" sizes=\"auto, (max-width: 1024px) 100vw, 1024px\" \/><figcaption class=\"wp-element-caption\">Salle d&rsquo;eau<\/figcaption><\/figure>\n<\/figure>\n\n\n\n<p>S\u00e8che cheveux \u00e0 disposition.<\/p>\n\n\n\n<p><\/p>\n\n\n\n<p><strong>Tarifs et r\u00e9servation : <\/strong><\/p>\n\n\n\n<p><strong>135\u20ac\/nuit, 2 nuits minimum les jours f\u00e9ri\u00e9s et les ponts<\/strong><\/p>\n\n\n\n<p><strong>Accueil : Arriv\u00e9e \u00e0 partir de 16h, entr\u00e9e autonome avec boite \u00e0 cl\u00e9s .<\/strong><\/p>\n\n\n\n<p><strong>Jour de d\u00e9part avant 11h.<\/strong><\/p>\n\n\n\n<p>Pour nous contacter : <\/p>\n\n\n\n<p>Mail: <a href=\"mailto:capbeauval@hotmail.com\">capbeauval@hotmail.com<\/a><\/p>\n\n\n\n<p>Tel: 06-66-19-52-64<\/p>\n\n\n\n<p>Adresse : <a href=\"https:\/\/www.google.fr\/maps\/place\/16+Rue+de+la+Ferme,+41110+Couffy\/@47.2446309,1.4297595,17z\/data=!3m1!4b1!4m6!3m5!1s0x47fb5a54b5cf71d3:0xcb26c7a8538d244d!8m2!3d47.2446309!4d1.4323344!16s%2Fg%2F11tc1gx_zn?hl=fr&amp;entry=ttu&amp;g_ep=EgoyMDI1MDUyOC4wIKXMDSoASAFQAw%3D%3D\">16 rue de la ferme 41110 Couffy<\/a><\/p>\n\n\n\n<figure class=\"wp-block-gallery has-nested-images columns-default is-cropped wp-block-gallery-8 is-layout-flex wp-block-gallery-is-layout-flex\"><\/figure>\n\n\n\n<p><\/p>\n","protected":false},"excerpt":{"rendered":"<p>Cette adorable maison en bois nich\u00e9e dans un \u00e9crin de verdure \u00e0 10 mn du c\u00e9l\u00e8bre Zoo parc de Beauval peut accueillir 4 personnes .45mn de Chambord, 30mn de Chenonceau, 20mn de Cheverny, cet endroit idyllique et calme fera de votre s\u00e9jour un bien \u00eatre total. Terrasse avec barbecue . La cuisine est \u00e9quip\u00e9e d&rsquo;une [&hellip;]<\/p>\n","protected":false},"author":1,"featured_media":0,"parent":0,"menu_order":0,"comment_status":"closed","ping_status":"closed","template":"","meta":{"footnotes":""},"class_list":["post-44","page","type-page","status-publish","hentry"],"_links":{"self":[{"href":"https:\/\/www.capbeauval.com\/index.php\/wp-json\/wp\/v2\/pages\/44","targetHints":{"allow":["GET"]}}],"collection":[{"href":"https:\/\/www.capbeauval.com\/index.php\/wp-json\/wp\/v2\/pages"}],"about":[{"href":"https:\/\/www.capbeauval.com\/index.php\/wp-json\/wp\/v2\/types\/page"}],"author":[{"embeddable":true,"href":"https:\/\/www.capbeauval.com\/index.php\/wp-json\/wp\/v2\/users\/1"}],"replies":[{"embeddable":true,"href":"https:\/\/www.capbeauval.com\/index.php\/wp-json\/wp\/v2\/comments?post=44"}],"version-history":[{"count":3,"href":"https:\/\/www.capbeauval.com\/index.php\/wp-json\/wp\/v2\/pages\/44\/revisions"}],"predecessor-version":[{"id":59,"href":"https:\/\/www.capbeauval.com\/index.php\/wp-json\/wp\/v2\/pages\/44\/revisions\/59"}],"wp:attachment":[{"href":"https:\/\/www.capbeauval.com\/index.php\/wp-json\/wp\/v2\/media?parent=44"}],"curies":[{"name":"wp","href":"https:\/\/api.w.org\/{rel}","templated":true}]}}